{"id":4,"date":"2014-12-13T16:04:17","date_gmt":"2014-12-13T16:04:17","guid":{"rendered":"http:\/\/localhost\/coachingtime\/?page_id=4"},"modified":"2019-01-01T20:24:36","modified_gmt":"2019-01-01T20:24:36","slug":"coaching-time-rozwoj-osobisty-psychologia-relacje-miedzyludzkie","status":"publish","type":"page","link":"https:\/\/marcinkwiecinski.com.pl\/coachingtime\/","title":{"rendered":"Coaching Time &#8211; rozw\u00f3j osobisty, praktyczna psychologia, relacje mi\u0119dzyludzkie"},"content":{"rendered":"<p>Blog o rozwoju osobistym, psychologii i relacjach mi\u0119dzyludzkich, na kt\u00f3rym znajdziesz mn\u00f3stwo rozwi\u0105za\u0144 dotycz\u0105cych osi\u0105gania cel\u00f3w i dokonywania zmian.<\/p>\n","protected":false},"excerpt":{"rendered":"<p>Blog o rozwoju osobistym, psychologii i relacjach mi\u0119dzyludzkich, na kt\u00f3rym znajdziesz mn\u00f3stwo rozwi\u0105za\u0144 dotycz\u0105cych osi\u0105gania cel\u00f3w i dokonywania zmian.<\/p>\n","protected":false},"author":1,"featured_media":0,"parent":0,"menu_order":-1,"comment_status":"open","ping_status":"open","template":"templates\/home.php","meta":[],"yoast_head":"<!-- This site is optimized with the Yoast SEO plugin v15.4 - https:\/\/yoast.com\/wordpress\/plugins\/seo\/ -->\n<meta name=\"description\" content=\"Blog o rozwoju osobistym, psychologii i relacjach mi\u0119dzyludzkich, na kt\u00f3rym znajdziesz mn\u00f3stwo rozwi\u0105za\u0144 dotycz\u0105cych osi\u0105gania cel\u00f3w i dokonywania zmian.\" \/>\n<meta name=\"robots\" content=\"index, follow, max-snippet:-1, max-image-preview:large, max-video-preview:-1\" \/>\n<link rel=\"canonical\" href=\"https:\/\/marcinkwiecinski.com.pl\/coachingtime\/\" \/>\n<meta property=\"og:locale\" content=\"pl_PL\" \/>\n<meta property=\"og:type\" content=\"article\" \/>\n<meta property=\"og:title\" content=\"Coaching Time - Rozw\u00f3j Osobisty | Psychologia | Relacje Mi\u0119dzyludzkie\" \/>\n<meta property=\"og:description\" content=\"Blog o rozwoju osobistym, psychologii i relacjach mi\u0119dzyludzkich, na kt\u00f3rym znajdziesz mn\u00f3stwo rozwi\u0105za\u0144 dotycz\u0105cych osi\u0105gania cel\u00f3w i dokonywania zmian.\" \/>\n<meta property=\"og:url\" content=\"https:\/\/marcinkwiecinski.com.pl\/coachingtime\/\" \/>\n<meta property=\"og:site_name\" content=\"Coaching Time\" \/>\n<meta property=\"article:publisher\" content=\"https:\/\/www.facebook.com\/marcinkwiecinski.coachingtime\" \/>\n<meta property=\"article:modified_time\" content=\"2019-01-01T20:24:36+00:00\" \/>\n<meta name=\"twitter:card\" content=\"summary\" \/>\n<meta name=\"twitter:creator\" content=\"@mkwiecinskiCT\" \/>\n<meta name=\"twitter:site\" content=\"@mkwiecinskiCT\" \/>\n<meta name=\"twitter:label1\" content=\"Written by\">\n\t<meta name=\"twitter:data1\" content=\"admin\">\n\t<meta name=\"twitter:label2\" content=\"Est. reading time\">\n\t<meta name=\"twitter:data2\" content=\"0 minut\">\n<script type=\"application\/ld+json\" class=\"yoast-schema-graph\">{\"@context\":\"https:\/\/schema.org\",\"@graph\":[{\"@type\":\"WebSite\",\"@id\":\"https:\/\/marcinkwiecinski.com.pl\/coachingtime\/#website\",\"url\":\"https:\/\/marcinkwiecinski.com.pl\/coachingtime\/\",\"name\":\"Coaching Time\",\"description\":\"ROZW&Oacute;J OSOBISTY | PRAKTYCZNA PSYCHOLOGIA | RELACJE MI\\u0118DZYLUDZKIE\",\"potentialAction\":[{\"@type\":\"SearchAction\",\"target\":\"https:\/\/marcinkwiecinski.com.pl\/coachingtime\/?s={search_term_string}\",\"query-input\":\"required name=search_term_string\"}],\"inLanguage\":\"pl-PL\"},{\"@type\":\"WebPage\",\"@id\":\"https:\/\/marcinkwiecinski.com.pl\/coachingtime\/#webpage\",\"url\":\"https:\/\/marcinkwiecinski.com.pl\/coachingtime\/\",\"name\":\"Coaching Time - Rozw\\u00f3j Osobisty | Psychologia | Relacje Mi\\u0119dzyludzkie\",\"isPartOf\":{\"@id\":\"https:\/\/marcinkwiecinski.com.pl\/coachingtime\/#website\"},\"datePublished\":\"2014-12-13T16:04:17+00:00\",\"dateModified\":\"2019-01-01T20:24:36+00:00\",\"description\":\"Blog o rozwoju osobistym, psychologii i relacjach mi\\u0119dzyludzkich, na kt\\u00f3rym znajdziesz mn\\u00f3stwo rozwi\\u0105za\\u0144 dotycz\\u0105cych osi\\u0105gania cel\\u00f3w i dokonywania zmian.\",\"inLanguage\":\"pl-PL\",\"potentialAction\":[{\"@type\":\"ReadAction\",\"target\":[\"https:\/\/marcinkwiecinski.com.pl\/coachingtime\/\"]}]}]}<\/script>\n<!-- \/ Yoast SEO plugin. -->","_links":{"self":[{"href":"https:\/\/marcinkwiecinski.com.pl\/coachingtime\/wp-json\/wp\/v2\/pages\/4"}],"collection":[{"href":"https:\/\/marcinkwiecinski.com.pl\/coachingtime\/wp-json\/wp\/v2\/pages"}],"about":[{"href":"https:\/\/marcinkwiecinski.com.pl\/coachingtime\/wp-json\/wp\/v2\/types\/page"}],"author":[{"embeddable":true,"href":"https:\/\/marcinkwiecinski.com.pl\/coachingtime\/wp-json\/wp\/v2\/users\/1"}],"replies":[{"embeddable":true,"href":"https:\/\/marcinkwiecinski.com.pl\/coachingtime\/wp-json\/wp\/v2\/comments?post=4"}],"version-history":[{"count":9,"href":"https:\/\/marcinkwiecinski.com.pl\/coachingtime\/wp-json\/wp\/v2\/pages\/4\/revisions"}],"predecessor-version":[{"id":5573,"href":"https:\/\/marcinkwiecinski.com.pl\/coachingtime\/wp-json\/wp\/v2\/pages\/4\/revisions\/5573"}],"wp:attachment":[{"href":"https:\/\/marcinkwiecinski.com.pl\/coachingtime\/wp-json\/wp\/v2\/media?parent=4"}],"curies":[{"name":"wp","href":"https:\/\/api.w.org\/{rel}","templated":true}]}}